{"id":50,"date":"2026-02-01T22:30:48","date_gmt":"2026-02-01T21:30:48","guid":{"rendered":"https:\/\/maisonduvialar.fr\/?page_id=50"},"modified":"2026-02-15T23:37:54","modified_gmt":"2026-02-15T22:37:54","slug":"tarifs-disponibilites","status":"publish","type":"page","link":"https:\/\/maisonduvialar.fr\/index.php\/tarifs-disponibilites\/","title":{"rendered":"Tarifs &amp; disponibilit\u00e9s"},"content":{"rendered":"\n<p>La Maison du Vialar est propos\u00e9e \u00e0 la location exclusivement pendant les mois de <strong>juillet et ao\u00fbt<\/strong>, pour des s\u00e9jours d\u2019une semaine, du <strong>samedi au samedi<\/strong>.<\/p>\n\n\n\n<p>Le tarif est de <strong>3 600 \u20ac par semaine<\/strong>.<br>Ce prix comprend l\u2019ensemble des \u00e9quipements de la maison ainsi qu\u2019un logement pr\u00e9par\u00e9 avec soin pour votre arriv\u00e9e.<\/p>\n\n\n\n<p><strong>Arriv\u00e9e :<\/strong> le samedi \u00e0 partir de 17h00<br><strong>D\u00e9part :<\/strong> le samedi avant 10h00<\/p>\n\n\n\n<p>Pour toute question concernant votre s\u00e9jour, nous restons \u00e0 votre disposition.<\/p>\n\n\n\n<div class=\"wp-block-buttons is-content-justification-center is-layout-flex wp-container-core-buttons-is-layout-a89b3969 wp-block-buttons-is-layout-flex\">\n<div class=\"wp-block-button\"><a class=\"wp-block-button__link wp-element-button\" href=\"https:\/\/maisonduvialar.fr\/index.php\/reserver\/\">R\u00e9server un s\u00e9jour<\/a><\/div>\n<\/div>\n\n\n\n<p>LLes dates marqu\u00e9es \u00ab R\u00e9serv\u00e9 \u00bb sont indisponibles.<br>Toutes les autres p\u00e9riodes sont ouvertes \u00e0 la location.<\/p>\n\n\n\n<h2>Disponibilit\u00e9s \u2013 Juillet 2026<\/h2>\n\n<iframe\n  src=\"https:\/\/calendar.google.com\/calendar\/embed?src=18c391f88250497a0cf0627f08f95461e25dc9c5bd8b6d120cc06d96da854ba0%40group.calendar.google.com&#038;ctz=Europe%2FParis&#038;mode=MONTH&#038;dates=20260701\/20260731&#038;showTitle=0&#038;showNav=0&#038;showPrint=0&#038;showTabs=0&#038;showCalendars=0\"\n  style=\"border:0; width:100%; height:600px;\"\n  frameborder=\"0\"\n  scrolling=\"no\">\n<\/iframe>\n\n<h2 style=\"margin-top:40px;\">Disponibilit\u00e9s \u2013 Ao\u00fbt 2026<\/h2>\n\n<iframe\n  src=\"https:\/\/calendar.google.com\/calendar\/embed?src=18c391f88250497a0cf0627f08f95461e25dc9c5bd8b6d120cc06d96da854ba0%40group.calendar.google.com&#038;ctz=Europe%2FParis&#038;mode=MONTH&#038;dates=20260801\/20260831&#038;showTitle=0&#038;showNav=0&#038;showPrint=0&#038;showTabs=0&#038;showCalendars=0\"\n  style=\"border:0; width:100%; height:600px;\"\n  frameborder=\"0\"\n  scrolling=\"no\">\n<\/iframe>\n\n\n\n<p><\/p>\n","protected":false},"excerpt":{"rendered":"<p>La Maison du Vialar est propos\u00e9e \u00e0 la location exclusivement pendant les mois de juillet et ao\u00fbt, pour des s\u00e9jours [&hellip;]<\/p>\n","protected":false},"author":1,"featured_media":0,"parent":0,"menu_order":4,"comment_status":"closed","ping_status":"closed","template":"","meta":{"site-sidebar-layout":"default","site-content-layout":"","ast-site-content-layout":"default","site-content-style":"default","site-sidebar-style":"default","ast-global-header-display":"","ast-banner-title-visibility":"","ast-main-header-display":"","ast-hfb-above-header-display":"","ast-hfb-below-header-display":"","ast-hfb-mobile-header-display":"","site-post-title":"","ast-breadcrumbs-content":"","ast-featured-img":"","footer-sml-layout":"","ast-disable-related-posts":"","theme-transparent-header-meta":"","adv-header-id-meta":"","stick-header-meta":"","header-above-stick-meta":"","header-main-stick-meta":"","header-below-stick-meta":"","astra-migrate-meta-layouts":"default","ast-page-background-enabled":"default","ast-page-background-meta":{"desktop":{"background-color":"var(--ast-global-color-5)","background-image":"","background-repeat":"repeat","background-position":"center center","background-size":"auto","background-attachment":"scroll","background-type":"","background-media":"","overlay-type":"","overlay-color":"","overlay-opacity":"","overlay-gradient":""},"tablet":{"background-color":"","background-image":"","background-repeat":"repeat","background-position":"center center","background-size":"auto","background-attachment":"scroll","background-type":"","background-media":"","overlay-type":"","overlay-color":"","overlay-opacity":"","overlay-gradient":""},"mobile":{"background-color":"","background-image":"","background-repeat":"repeat","background-position":"center center","background-size":"auto","background-attachment":"scroll","background-type":"","background-media":"","overlay-type":"","overlay-color":"","overlay-opacity":"","overlay-gradient":""}},"ast-content-background-meta":{"desktop":{"background-color":"var(--ast-global-color-4)","background-image":"","background-repeat":"repeat","background-position":"center center","background-size":"auto","background-attachment":"scroll","background-type":"","background-media":"","overlay-type":"","overlay-color":"","overlay-opacity":"","overlay-gradient":""},"tablet":{"background-color":"var(--ast-global-color-4)","background-image":"","background-repeat":"repeat","background-position":"center center","background-size":"auto","background-attachment":"scroll","background-type":"","background-media":"","overlay-type":"","overlay-color":"","overlay-opacity":"","overlay-gradient":""},"mobile":{"background-color":"var(--ast-global-color-4)","background-image":"","background-repeat":"repeat","background-position":"center center","background-size":"auto","background-attachment":"scroll","background-type":"","background-media":"","overlay-type":"","overlay-color":"","overlay-opacity":"","overlay-gradient":""}},"footnotes":""},"class_list":["post-50","page","type-page","status-publish","hentry"],"_links":{"self":[{"href":"https:\/\/maisonduvialar.fr\/index.php\/wp-json\/wp\/v2\/pages\/50","targetHints":{"allow":["GET"]}}],"collection":[{"href":"https:\/\/maisonduvialar.fr\/index.php\/wp-json\/wp\/v2\/pages"}],"about":[{"href":"https:\/\/maisonduvialar.fr\/index.php\/wp-json\/wp\/v2\/types\/page"}],"author":[{"embeddable":true,"href":"https:\/\/maisonduvialar.fr\/index.php\/wp-json\/wp\/v2\/users\/1"}],"replies":[{"embeddable":true,"href":"https:\/\/maisonduvialar.fr\/index.php\/wp-json\/wp\/v2\/comments?post=50"}],"version-history":[{"count":16,"href":"https:\/\/maisonduvialar.fr\/index.php\/wp-json\/wp\/v2\/pages\/50\/revisions"}],"predecessor-version":[{"id":193,"href":"https:\/\/maisonduvialar.fr\/index.php\/wp-json\/wp\/v2\/pages\/50\/revisions\/193"}],"wp:attachment":[{"href":"https:\/\/maisonduvialar.fr\/index.php\/wp-json\/wp\/v2\/media?parent=50"}],"curies":[{"name":"wp","href":"https:\/\/api.w.org\/{rel}","templated":true}]}}