{"id":9,"date":"2026-01-27T23:00:03","date_gmt":"2026-01-27T22:00:03","guid":{"rendered":"https:\/\/maisonduvialar.fr\/?page_id=9"},"modified":"2026-02-06T22:02:18","modified_gmt":"2026-02-06T21:02:18","slug":"maison-du-vialar-location-de-charme","status":"publish","type":"page","link":"https:\/\/maisonduvialar.fr\/","title":{"rendered":"Accueil"},"content":{"rendered":"\n<p class=\"has-text-align-left\"><strong><em>Maison ind\u00e9pendante \u2022 Calme \u2022 Nature \u2022 Confort<\/em><\/strong><\/p>\n\n\n\n<hr class=\"wp-block-separator has-alpha-channel-opacity\"\/>\n\n\n\n<p class=\"has-text-align-left has-x-large-font-size\"><strong>Bienvenue \u00e0 la Maison du Vialar<\/strong><\/p>\n\n\n\n<figure class=\"wp-block-image size-large\"><img loading=\"lazy\" decoding=\"async\" width=\"765\" height=\"1024\" src=\"http:\/\/maisonduvialar.fr\/wp-content\/uploads\/2026\/02\/le-vialar_piscine-765x1024.jpg\" alt=\"piscine priv\u00e9e du Vialar\" class=\"wp-image-67\" srcset=\"https:\/\/maisonduvialar.fr\/wp-content\/uploads\/2026\/02\/le-vialar_piscine-765x1024.jpg 765w, https:\/\/maisonduvialar.fr\/wp-content\/uploads\/2026\/02\/le-vialar_piscine-224x300.jpg 224w, https:\/\/maisonduvialar.fr\/wp-content\/uploads\/2026\/02\/le-vialar_piscine-768x1028.jpg 768w, https:\/\/maisonduvialar.fr\/wp-content\/uploads\/2026\/02\/le-vialar_piscine-1147x1536.jpg 1147w, https:\/\/maisonduvialar.fr\/wp-content\/uploads\/2026\/02\/le-vialar_piscine-1529x2048.jpg 1529w, https:\/\/maisonduvialar.fr\/wp-content\/uploads\/2026\/02\/le-vialar_piscine-scaled.jpg 1912w\" sizes=\"auto, (max-width: 765px) 100vw, 765px\" \/><\/figure>\n\n\n\n<hr class=\"wp-block-separator has-alpha-channel-opacity\"\/>\n\n\n\n<p>La <strong>Maison du Vialar<\/strong> est une ancienne ferme r\u00e9nov\u00e9e avec soin, nich\u00e9e dans un environnement calme et naturel, au c\u0153ur du Tarn.<br>Spacieuse et confortable, elle peut accueillir jusqu\u2019\u00e0 <strong>11 personnes<\/strong> et dispose de <strong>5 chambres avec salles de bain privatives<\/strong>, id\u00e9ales pour des s\u00e9jours en famille ou entre amis.<\/p>\n\n\n\n<p>La maison offre de g\u00e9n\u00e9reux espaces de vie, une grande cuisine enti\u00e8rement \u00e9quip\u00e9e, plusieurs terrasses am\u00e9nag\u00e9es et un vaste jardin arbor\u00e9 d\u2019environ <strong>4 000 m\u00b2<\/strong>.<br>La <strong>piscine priv\u00e9e et s\u00e9curis\u00e9e<\/strong> compl\u00e8te cet ensemble pens\u00e9 pour la d\u00e9tente et la convivialit\u00e9.<\/p>\n\n\n\n<p>Disponible \u00e0 la location <strong>en juillet et ao\u00fbt, du samedi au samedi<\/strong>.<\/p>\n\n\n\n<hr class=\"wp-block-separator has-alpha-channel-opacity\"\/>\n\n\n\n<div class=\"wp-block-buttons is-content-justification-space-between is-layout-flex wp-container-core-buttons-is-layout-b2891da8 wp-block-buttons-is-layout-flex\">\n<div class=\"wp-block-button\"><a class=\"wp-block-button__link wp-element-button\" href=\"https:\/\/maisonduvialar.fr\/index.php\/tarifs-disponibilites\/\">Tarifs &amp; disponibilit\u00e9s<\/a><\/div>\n\n\n\n<div class=\"wp-block-button\"><a class=\"wp-block-button__link wp-element-button\" href=\"https:\/\/maisonduvialar.fr\/index.php\/reserver\/\">R\u00e9server un s\u00e9jour<\/a><\/div>\n<\/div>\n\n\n\n<p><\/p>\n","protected":false},"excerpt":{"rendered":"<p>Maison ind\u00e9pendante \u2022 Calme \u2022 Nature \u2022 Confort Bienvenue \u00e0 la Maison du Vialar La Maison du Vialar est une [&hellip;]<\/p>\n","protected":false},"author":1,"featured_media":0,"parent":0,"menu_order":1,"comment_status":"closed","ping_status":"closed","template":"","meta":{"site-sidebar-layout":"default","site-content-layout":"","ast-site-content-layout":"default","site-content-style":"default","site-sidebar-style":"default","ast-global-header-display":"","ast-banner-title-visibility":"","ast-main-header-display":"","ast-hfb-above-header-display":"","ast-hfb-below-header-display":"","ast-hfb-mobile-header-display":"","site-post-title":"","ast-breadcrumbs-content":"","ast-featured-img":"","footer-sml-layout":"","ast-disable-related-posts":"","theme-transparent-header-meta":"","adv-header-id-meta":"","stick-header-meta":"","header-above-stick-meta":"","header-main-stick-meta":"","header-below-stick-meta":"","astra-migrate-meta-layouts":"default","ast-page-background-enabled":"default","ast-page-background-meta":{"desktop":{"background-color":"var(--ast-global-color-5)","background-image":"","background-repeat":"repeat","background-position":"center center","background-size":"auto","background-attachment":"scroll","background-type":"","background-media":"","overlay-type":"","overlay-color":"","overlay-opacity":"","overlay-gradient":""},"tablet":{"background-color":"","background-image":"","background-repeat":"repeat","background-position":"center center","background-size":"auto","background-attachment":"scroll","background-type":"","background-media":"","overlay-type":"","overlay-color":"","overlay-opacity":"","overlay-gradient":""},"mobile":{"background-color":"","background-image":"","background-repeat":"repeat","background-position":"center center","background-size":"auto","background-attachment":"scroll","background-type":"","background-media":"","overlay-type":"","overlay-color":"","overlay-opacity":"","overlay-gradient":""}},"ast-content-background-meta":{"desktop":{"background-color":"var(--ast-global-color-4)","background-image":"","background-repeat":"repeat","background-position":"center center","background-size":"auto","background-attachment":"scroll","background-type":"","background-media":"","overlay-type":"","overlay-color":"","overlay-opacity":"","overlay-gradient":""},"tablet":{"background-color":"var(--ast-global-color-4)","background-image":"","background-repeat":"repeat","background-position":"center center","background-size":"auto","background-attachment":"scroll","background-type":"","background-media":"","overlay-type":"","overlay-color":"","overlay-opacity":"","overlay-gradient":""},"mobile":{"background-color":"var(--ast-global-color-4)","background-image":"","background-repeat":"repeat","background-position":"center center","background-size":"auto","background-attachment":"scroll","background-type":"","background-media":"","overlay-type":"","overlay-color":"","overlay-opacity":"","overlay-gradient":""}},"footnotes":""},"class_list":["post-9","page","type-page","status-publish","hentry"],"_links":{"self":[{"href":"https:\/\/maisonduvialar.fr\/index.php\/wp-json\/wp\/v2\/pages\/9","targetHints":{"allow":["GET"]}}],"collection":[{"href":"https:\/\/maisonduvialar.fr\/index.php\/wp-json\/wp\/v2\/pages"}],"about":[{"href":"https:\/\/maisonduvialar.fr\/index.php\/wp-json\/wp\/v2\/types\/page"}],"author":[{"embeddable":true,"href":"https:\/\/maisonduvialar.fr\/index.php\/wp-json\/wp\/v2\/users\/1"}],"replies":[{"embeddable":true,"href":"https:\/\/maisonduvialar.fr\/index.php\/wp-json\/wp\/v2\/comments?post=9"}],"version-history":[{"count":20,"href":"https:\/\/maisonduvialar.fr\/index.php\/wp-json\/wp\/v2\/pages\/9\/revisions"}],"predecessor-version":[{"id":132,"href":"https:\/\/maisonduvialar.fr\/index.php\/wp-json\/wp\/v2\/pages\/9\/revisions\/132"}],"wp:attachment":[{"href":"https:\/\/maisonduvialar.fr\/index.php\/wp-json\/wp\/v2\/media?parent=9"}],"curies":[{"name":"wp","href":"https:\/\/api.w.org\/{rel}","templated":true}]}}